{"id":53,"date":"2012-02-11T05:28:52","date_gmt":"2012-02-11T05:28:52","guid":{"rendered":"http:\/\/gabrielats.es\/blog\/?page_id=53"},"modified":"2012-02-11T05:58:10","modified_gmt":"2012-02-11T05:58:10","slug":"mis-colaboraciones","status":"publish","type":"page","link":"http:\/\/gabrielats.es\/blog\/mis-colaboraciones\/","title":{"rendered":"Mis colaboraciones"},"content":{"rendered":"<p><strong>Educaci\u00f3n<\/strong>:<\/p>\n<ul>\n<li>He colaborado en la Organizaci\u00f3n de las XIII Jornadas de Lectoescritura organizadas por el Departamento de Psicolog\u00eda y Sociolog\u00eda de la Facultad del Profesorado de la Universidad de Las Palmas de Gran Canaria, 2008.<\/li>\n<\/ul>\n<p>&nbsp;<\/p>\n","protected":false},"excerpt":{"rendered":"<p>Educaci\u00f3n: He colaborado en la Organizaci\u00f3n de las XIII Jornadas de Lectoescritura organizadas por el Departamento de Psicolog\u00eda y Sociolog\u00eda de la Facultad del Profesorado de la Universidad de Las Palmas de Gran Canaria, 2008. &nbsp;<\/p>\n","protected":false},"author":1,"featured_media":0,"parent":0,"menu_order":3,"comment_status":"closed","ping_status":"closed","template":"","meta":{"footnotes":""},"class_list":["post-53","page","type-page","status-publish","hentry"],"_links":{"self":[{"href":"http:\/\/gabrielats.es\/blog\/wp-json\/wp\/v2\/pages\/53","targetHints":{"allow":["GET"]}}],"collection":[{"href":"http:\/\/gabrielats.es\/blog\/wp-json\/wp\/v2\/pages"}],"about":[{"href":"http:\/\/gabrielats.es\/blog\/wp-json\/wp\/v2\/types\/page"}],"author":[{"embeddable":true,"href":"http:\/\/gabrielats.es\/blog\/wp-json\/wp\/v2\/users\/1"}],"replies":[{"embeddable":true,"href":"http:\/\/gabrielats.es\/blog\/wp-json\/wp\/v2\/comments?post=53"}],"version-history":[{"count":4,"href":"http:\/\/gabrielats.es\/blog\/wp-json\/wp\/v2\/pages\/53\/revisions"}],"predecessor-version":[{"id":71,"href":"http:\/\/gabrielats.es\/blog\/wp-json\/wp\/v2\/pages\/53\/revisions\/71"}],"wp:attachment":[{"href":"http:\/\/gabrielats.es\/blog\/wp-json\/wp\/v2\/media?parent=53"}],"curies":[{"name":"wp","href":"https:\/\/api.w.org\/{rel}","templated":true}]}}